{"id":69,"date":"2023-09-29T08:20:21","date_gmt":"2023-09-29T08:20:21","guid":{"rendered":"https:\/\/mmreinigung.ch\/?page_id=69"},"modified":"2023-09-29T09:14:00","modified_gmt":"2023-09-29T09:14:00","slug":"reinigung","status":"publish","type":"page","link":"https:\/\/mmreinigung.ch\/index.php\/reinigung\/","title":{"rendered":"Reinigung"},"content":{"rendered":"<p>[et_pb_section fb_built=&#8220;1&#8243; admin_label=&#8220;Header&#8220; _builder_version=&#8220;4.16&#8243; _module_preset=&#8220;default&#8220; background_color=&#8220;#f1f3f7&#8243; background_image=&#8220;https:\/\/mmreinigung.ch\/wp-content\/uploads\/2023\/09\/window-cleaning_12.png&#8220; background_size=&#8220;contain&#8220; background_position=&#8220;top_left&#8220; locked=&#8220;off&#8220; global_colors_info=&#8220;{}&#8220;][et_pb_row column_structure=&#8220;1_2,1_2&#8243; _builder_version=&#8220;4.16&#8243; _module_preset=&#8220;default&#8220; global_colors_info=&#8220;{}&#8220;][et_pb_column type=&#8220;1_2&#8243; _builder_version=&#8220;4.16&#8243; _module_preset=&#8220;default&#8220; z_index=&#8220;15&#8243; custom_padding_tablet=&#8220;0px||||false|false&#8220; custom_padding_last_edited=&#8220;off|desktop&#8220; global_colors_info=&#8220;{}&#8220;][et_pb_text _builder_version=&#8220;4.22.2&#8243; _module_preset=&#8220;default&#8220; header_font=&#8220;Candal||||||||&#8220; header_font_size=&#8220;76px&#8220; header_letter_spacing=&#8220;-0.05em&#8220; header_line_height=&#8220;1.2em&#8220; hover_enabled=&#8220;0&#8243; header_font_size_tablet=&#8220;50px&#8220; header_font_size_phone=&#8220;30px&#8220; header_font_size_last_edited=&#8220;on|phone&#8220; locked=&#8220;off&#8220; global_colors_info=&#8220;{}&#8220; sticky_enabled=&#8220;0&#8243;]<\/p>\n<h2><strong>Reinigung<\/strong><\/h2>\n<p>[\/et_pb_text][et_pb_text _builder_version=&#8220;4.22.2&#8243; _module_preset=&#8220;default&#8220; text_font=&#8220;||||||||&#8220; text_text_color=&#8220;#666666&#8243; text_font_size=&#8220;18px&#8220; text_line_height=&#8220;2em&#8220; text_font_size_tablet=&#8220;16px&#8220; text_font_size_phone=&#8220;14px&#8220; text_font_size_last_edited=&#8220;on|phone&#8220; text_line_height_phone=&#8220;1.6em&#8220; text_line_height_last_edited=&#8220;off|desktop&#8220; locked=&#8220;off&#8220; global_colors_info=&#8220;{}&#8220;]<\/p>\n<h3 class=\"u-text u-text-grey-70 u-text-1\">Reinigung und Hygiene mit System<\/h3>\n<p>[\/et_pb_text][\/et_pb_column][et_pb_column type=&#8220;1_2&#8243; _builder_version=&#8220;4.16&#8243; _module_preset=&#8220;default&#8220; background_enable_image=&#8220;off&#8220; z_index=&#8220;15&#8243; custom_padding_tablet=&#8220;0px||||false|false&#8220; custom_padding_last_edited=&#8220;off|desktop&#8220; global_colors_info=&#8220;{}&#8220;][et_pb_image src=&#8220;https:\/\/mmreinigung.ch\/wp-content\/uploads\/2023\/09\/window-cleaning_78.jpg&#8220; title_text=&#8220;window-cleaning_78&#8243; _builder_version=&#8220;4.22.2&#8243; _module_preset=&#8220;default&#8220; border_radii=&#8220;on|500px|500px|500px|500px&#8220; locked=&#8220;off&#8220; global_colors_info=&#8220;{}&#8220;][\/et_pb_image][et_pb_blurb title=&#8220;Privat&#8220; image=&#8220;https:\/\/mmreinigung.ch\/wp-content\/uploads\/2023\/09\/window-cleaningl-icon-1-white.png&#8220; _builder_version=&#8220;4.22.2&#8243; _module_preset=&#8220;f60206c5-1548-46cd-b549-06f1c202cb32&#8243; header_font=&#8220;Candal|||on|||||&#8220; header_font_size=&#8220;12px&#8220; header_letter_spacing=&#8220;1px&#8220; background_enable_color=&#8220;off&#8220; use_background_color_gradient=&#8220;on&#8220; background_color_gradient_direction=&#8220;90deg&#8220; background_color_gradient_stops=&#8220;#557DF3 0%|rgba(243,206,206,0) 100%&#8220; background_color_gradient_start=&#8220;#557DF3&#8243; background_color_gradient_end=&#8220;rgba(243,206,206,0)&#8220; positioning=&#8220;absolute&#8220; vertical_offset=&#8220;20%&#8220; horizontal_offset=&#8220;-10%&#8220; text_orientation=&#8220;center&#8220; background_layout=&#8220;dark&#8220; width=&#8220;200px&#8220; height=&#8220;200px&#8220; custom_padding=&#8220;48px|10px|48px|10px|true|true&#8220; module_alignment_tablet=&#8220;center&#8220; module_alignment_phone=&#8220;center&#8220; module_alignment_last_edited=&#8220;off|desktop&#8220; custom_css_blurb_image=&#8220;margin-bottom: 10px;&#8220; border_radii=&#8220;on|100px|100px|100px|100px&#8220; box_shadow_style=&#8220;preset3&#8243; box_shadow_vertical=&#8220;30px&#8220; box_shadow_blur=&#8220;60px&#8220; box_shadow_color=&#8220;rgba(85,125,243,0.5)&#8220; locked=&#8220;off&#8220; global_colors_info=&#8220;{}&#8220;][\/et_pb_blurb][et_pb_blurb title=&#8220;B\u00fcro&#8220; image=&#8220;https:\/\/mmreinigung.ch\/wp-content\/uploads\/2023\/09\/window-cleaningl-icon-2-white.png&#8220; _builder_version=&#8220;4.22.2&#8243; _module_preset=&#8220;f60206c5-1548-46cd-b549-06f1c202cb32&#8243; header_font=&#8220;Candal|||on|||||&#8220; header_font_size=&#8220;12px&#8220; header_letter_spacing=&#8220;1px&#8220; background_enable_color=&#8220;off&#8220; use_background_color_gradient=&#8220;on&#8220; background_color_gradient_direction=&#8220;90deg&#8220; background_color_gradient_stops=&#8220;#FDCC8B 0%|#feedd9 100%&#8220; background_color_gradient_start=&#8220;#FDCC8B&#8220; background_color_gradient_end=&#8220;#feedd9&#8243; positioning=&#8220;absolute&#8220; position_origin_a=&#8220;top_center&#8220; vertical_offset=&#8220;66%&#8220; text_orientation=&#8220;center&#8220; background_layout=&#8220;dark&#8220; width=&#8220;150px&#8220; height=&#8220;150px&#8220; custom_padding=&#8220;32px|10px|32px|10px|true|true&#8220; custom_css_blurb_image=&#8220;margin-bottom: 10px;&#8220; border_radii=&#8220;on|100px|100px|100px|100px&#8220; box_shadow_style=&#8220;preset3&#8243; box_shadow_vertical=&#8220;30px&#8220; box_shadow_blur=&#8220;60px&#8220; box_shadow_color=&#8220;rgba(253,204,139,0.5)&#8220; locked=&#8220;off&#8220; global_colors_info=&#8220;{}&#8220;][\/et_pb_blurb][et_pb_blurb title=&#8220;Fenster&#8220; image=&#8220;https:\/\/mmreinigung.ch\/wp-content\/uploads\/2023\/09\/window-cleaningl-icon-3-white-2.png&#8220; _builder_version=&#8220;4.22.2&#8243; _module_preset=&#8220;f60206c5-1548-46cd-b549-06f1c202cb32&#8243; header_font=&#8220;Candal|||on|||||&#8220; header_font_size=&#8220;12px&#8220; header_letter_spacing=&#8220;1px&#8220; background_enable_color=&#8220;off&#8220; use_background_color_gradient=&#8220;on&#8220; background_color_gradient_direction=&#8220;90deg&#8220; background_color_gradient_stops=&#8220;#FBEBE5 0%|#e9889b 100%&#8220; background_color_gradient_start=&#8220;#FBEBE5&#8243; background_color_gradient_end=&#8220;#e9889b&#8220; positioning=&#8220;absolute&#8220; position_origin_a=&#8220;top_right&#8220; vertical_offset=&#8220;30%&#8220; text_orientation=&#8220;center&#8220; background_layout=&#8220;dark&#8220; width=&#8220;120px&#8220; height=&#8220;120px&#8220; custom_padding=&#8220;14px|10px|14px|10px|true|true&#8220; scroll_vertical_motion=&#8220;0|50|50|100|-2|0|-4&#8243; custom_css_blurb_image=&#8220;margin-bottom: 10px;&#8220; border_radii=&#8220;on|100px|100px|100px|100px&#8220; box_shadow_style=&#8220;preset3&#8243; box_shadow_vertical=&#8220;30px&#8220; box_shadow_blur=&#8220;60px&#8220; box_shadow_color=&#8220;rgba(233,136,155,0.5)&#8220; locked=&#8220;off&#8220; global_colors_info=&#8220;{}&#8220;][\/et_pb_blurb][\/et_pb_column][\/et_pb_row][\/et_pb_section][et_pb_section fb_built=&#8220;1&#8243; _builder_version=&#8220;4.22.2&#8243; _module_preset=&#8220;default&#8220; global_colors_info=&#8220;{}&#8220;][et_pb_row _builder_version=&#8220;4.22.2&#8243; _module_preset=&#8220;default&#8220; global_colors_info=&#8220;{}&#8220;][et_pb_column type=&#8220;4_4&#8243; _builder_version=&#8220;4.22.2&#8243; _module_preset=&#8220;default&#8220; global_colors_info=&#8220;{}&#8220;][et_pb_text _builder_version=&#8220;4.22.2&#8243; _module_preset=&#8220;default&#8220; text_font=&#8220;||||||||&#8220; text_text_color=&#8220;#666666&#8243; text_font_size=&#8220;18px&#8220; text_line_height=&#8220;2em&#8220; text_font_size_tablet=&#8220;16px&#8220; text_font_size_phone=&#8220;14px&#8220; text_font_size_last_edited=&#8220;on|phone&#8220; text_line_height_phone=&#8220;1.6em&#8220; text_line_height_last_edited=&#8220;off|desktop&#8220; locked=&#8220;off&#8220; global_colors_info=&#8220;{}&#8220;]<\/p>\n<h3 class=\"u-text u-text-grey-70 u-text-1\">Reinigung und Hygiene mit System<\/h3>\n<p>[\/et_pb_text][et_pb_text _builder_version=&#8220;4.22.2&#8243; _module_preset=&#8220;default&#8220; global_colors_info=&#8220;{}&#8220;]<\/p>\n<p>Die optimale Dienstleistung rund um Ihr Unternehmen sowie Haus. Sie suchen einen kompetenten, zuverl\u00e4ssigen und flexiblen Partner f\u00fcr die Reinigung Ihres Geb\u00e4udes?<\/p>\n<p>Wir M M Reinigung \u00fcberzeugen unsere Kunden mit einer professionellen Reinigungsleistung.<\/p>\n<p>Dazu tragen unser geschultes Reinigungspersonal sowie moderne und umweltfreundliche Reinigungstechnologien bei.<\/p>\n<p><strong><i>Sauber\u00a0<\/i><\/strong><br \/>Damit man Sauberkeit nicht nur sehen, sondern auch riechen und f\u00fchlen kann, geht unsere Reinigung tiefer. Weil wir gezielt auch gegen Bakterien vorgehen. Sorgf\u00e4ltig, gr\u00fcndlich und mit System.<\/p>\n<p><strong><i>Zuverl\u00e4ssig\u00a0<\/i><\/strong><br \/>Auf uns ist jederzeit 100% Verlass. Unsere Qualit\u00e4tsmanager \u00fcberwachen vor Ort die Qualit\u00e4t unserer Dienstleistungen und die pr\u00e4zise Einhaltung der kundenoptimierten, systematischen Arbeitspl\u00e4ne.<\/p>\n<p><strong><i>L\u00f6sungen\u00a0<\/i><\/strong><br \/>Reinigungen aller Art sind unsere St\u00e4rke. Im Abo oder fallweise. F\u00fcr Business oder f\u00fcr Privat. Auch beim Unterhalt Ihrer Geb\u00e4ude oder in Ihrem Privathaushalt entlasten wir Sie mit erstklassigen Dienstleistungen nach Mass &#8211; professionell, zuverl\u00e4ssig und kosteng\u00fcnstig.<\/p>\n<p>[\/et_pb_text][\/et_pb_column][\/et_pb_row][\/et_pb_section]<\/p>\n","protected":false},"excerpt":{"rendered":"<p>ReinigungReinigung und Hygiene mit SystemReinigung und Hygiene mit SystemDie optimale Dienstleistung rund um Ihr Unternehmen sowie Haus. Sie suchen einen kompetenten, zuverl\u00e4ssigen und flexiblen Partner f\u00fcr die Reinigung Ihres Geb\u00e4udes? Wir M M Reinigung \u00fcberzeugen unsere Kunden mit einer professionellen Reinigungsleistung. Dazu tragen unser geschultes Reinigungspersonal sowie moderne und umweltfreundliche Reinigungstechnologien bei. Sauber\u00a0Damit man Sauberkeit [&hellip;]<\/p>\n","protected":false},"author":1,"featured_media":0,"parent":0,"menu_order":0,"comment_status":"closed","ping_status":"closed","template":"","meta":{"_et_pb_use_builder":"on","_et_pb_old_content":"","_et_gb_content_width":"","footnotes":""},"class_list":["post-69","page","type-page","status-publish","hentry"],"_links":{"self":[{"href":"https:\/\/mmreinigung.ch\/index.php\/wp-json\/wp\/v2\/pages\/69","targetHints":{"allow":["GET"]}}],"collection":[{"href":"https:\/\/mmreinigung.ch\/index.php\/wp-json\/wp\/v2\/pages"}],"about":[{"href":"https:\/\/mmreinigung.ch\/index.php\/wp-json\/wp\/v2\/types\/page"}],"author":[{"embeddable":true,"href":"https:\/\/mmreinigung.ch\/index.php\/wp-json\/wp\/v2\/users\/1"}],"replies":[{"embeddable":true,"href":"https:\/\/mmreinigung.ch\/index.php\/wp-json\/wp\/v2\/comments?post=69"}],"version-history":[{"count":0,"href":"https:\/\/mmreinigung.ch\/index.php\/wp-json\/wp\/v2\/pages\/69\/revisions"}],"wp:attachment":[{"href":"https:\/\/mmreinigung.ch\/index.php\/wp-json\/wp\/v2\/media?parent=69"}],"curies":[{"name":"wp","href":"https:\/\/api.w.org\/{rel}","templated":true}]}}